{"id":97,"date":"2020-01-20T00:21:28","date_gmt":"2020-01-20T00:21:28","guid":{"rendered":"https:\/\/amlcsi.com\/awp\/?page_id=97"},"modified":"2020-03-03T17:48:54","modified_gmt":"2020-03-03T17:48:54","slug":"aml-consulting-solutions-espanol","status":"publish","type":"page","link":"https:\/\/amlcsi.com\/awp\/aml-consulting-solutions-espanol\/","title":{"rendered":"AML Consulting Solutions"},"content":{"rendered":"<h5>Ayud\u00e1ndole a los peque\u00f1os negocios lidiar con las complejidades de las regulaciones actuales de Anti-Lavado de Dinero y Cumplimiento<\/h5>\n<p>Los peque\u00f1os Negocios de Servicio de Dinero (MSB por sus siglas en ingl\u00e9s) encaran un reto que va en continuo aumento para poder cumplir con requisitos complejos e inflexibles. &nbsp;AML Consulting Solutions provee conocimiento y herramientas al empresario para poder cumplir con sus obligaciones de cumplimiento, y as\u00ed poder operar un negocio seguro y pr\u00f3spero. &nbsp;Abajo hay una rese\u00f1a de nuestros servicios.<\/p>\n<h5><strong>Nuevo para el 2020<\/strong><\/h5>\n<p>Debido a que la complejidad de las regulaciones de la Florida continuan en aumento, hemos lanzado nuestro nueva&nbsp;<strong>Solucion de Cumplimiento de Anti-Lavado de Dinero Integrada<\/strong>, un programa de cumplimiento amplio basado en un modelo de subscripci\u00f3n, disponible en&nbsp;<strong>Ingl\u00e9s y Espa\u00f1ol<\/strong>, que cubre virtualmente todos los aspectos relevantes de la regulacion que afectan su negocio.<\/p>\n<p><span><img loading=\"lazy\" decoding=\"async\" alt=\"\" data-id=\"237\" width=\"200\" height=\"200\" title=\"ACT-Logo-200\" src=\"https:\/\/amlcsi.com\/awp\/wp-content\/uploads\/2020\/03\/ACT-Logo-200.png\"><\/span><\/p>\n<h5><a href=\"https:\/\/act7.co\" style=\"outline: none;\">Advanced Compliance Technology es ahora una divis\u00f3n de AML Consulting Solutions<\/a><\/h5>\n<p>AML Consulting Solutions ha integrado Advanced Compliance Technology, una plataforma tecnol\u00f3gica que provee herramintas online altamente efectivas en llevar capacitaci\u00f3n de cumplimiento a empresas peque\u00f1as y medianas. &nbsp;Esta integraci\u00f3n resulta en una plataforma robusta donde los Negocios de Servicios de Dinero como el suyo pueden surgir.&nbsp;<\/p>\n<p>A trav\u00e9s del 2020, una integraci\u00f3n progresiva entre las plataformas se llevar\u00e1 a cabo. &nbsp;Nuestra meta es un servicio centralizado donde todas sus necesidades de cumplimiento son atendidas.<\/p>\n<h1>Advanced Compliance Technology<\/h1>\n<p>Nuestra nueva divisi\u00f3n, provee herramientas tecnol\u00f3gicas y educativas a los Negocios de Servicios de Dinero.<\/p>\n","protected":false},"excerpt":{"rendered":"<p>Ayud\u00e1ndole a los peque\u00f1os negocios lidiar con las complejidades de las regulaciones actuales de Anti-Lavado de Dinero y Cumplimiento Los peque\u00f1os Negocios de Servicio de Dinero (MSB por sus siglas en ingl\u00e9s) encaran un reto que va en continuo aumento para poder cumplir con requisitos complejos e inflexibles. &nbsp;AML Consulting Solutions provee conocimiento y herramientas [&hellip;]<\/p>\n","protected":false},"author":1,"featured_media":0,"parent":0,"menu_order":0,"comment_status":"closed","ping_status":"closed","template":"","meta":{"footnotes":""},"class_list":["post-97","page","type-page","status-publish","hentry","post-wrapper","thrv_wrapper"],"_links":{"self":[{"href":"https:\/\/amlcsi.com\/awp\/wp-json\/wp\/v2\/pages\/97","targetHints":{"allow":["GET"]}}],"collection":[{"href":"https:\/\/amlcsi.com\/awp\/wp-json\/wp\/v2\/pages"}],"about":[{"href":"https:\/\/amlcsi.com\/awp\/wp-json\/wp\/v2\/types\/page"}],"author":[{"embeddable":true,"href":"https:\/\/amlcsi.com\/awp\/wp-json\/wp\/v2\/users\/1"}],"replies":[{"embeddable":true,"href":"https:\/\/amlcsi.com\/awp\/wp-json\/wp\/v2\/comments?post=97"}],"version-history":[{"count":8,"href":"https:\/\/amlcsi.com\/awp\/wp-json\/wp\/v2\/pages\/97\/revisions"}],"predecessor-version":[{"id":244,"href":"https:\/\/amlcsi.com\/awp\/wp-json\/wp\/v2\/pages\/97\/revisions\/244"}],"wp:attachment":[{"href":"https:\/\/amlcsi.com\/awp\/wp-json\/wp\/v2\/media?parent=97"}],"curies":[{"name":"wp","href":"https:\/\/api.w.org\/{rel}","templated":true}]}}